{"id":298,"date":"2025-02-14T21:20:41","date_gmt":"2025-02-14T20:20:41","guid":{"rendered":"https:\/\/assoesna.org\/?page_id=298"},"modified":"2025-02-25T22:06:10","modified_gmt":"2025-02-25T21:06:10","slug":"contact","status":"publish","type":"page","link":"https:\/\/assoesna.org\/index.php\/contact\/","title":{"rendered":"Contact"},"content":{"rendered":"\t\t<div data-elementor-type=\"wp-page\" data-elementor-id=\"298\" class=\"elementor elementor-298\">\n\t\t\t\t<div class=\"elementor-element elementor-element-705c030 e-flex e-con-boxed wpr-particle-no wpr-jarallax-no wpr-parallax-no wpr-sticky-section-no wpr-equal-height-no e-con e-parent\" data-id=\"705c030\" data-element_type=\"container\" data-e-type=\"container\" data-settings=\"{&quot;background_background&quot;:&quot;classic&quot;}\">\n\t\t\t\t\t<div class=\"e-con-inner\">\n\t\t<div class=\"elementor-element elementor-element-b95bf2e e-con-full e-flex wpr-particle-no wpr-jarallax-no wpr-parallax-no wpr-sticky-section-no wpr-equal-height-no e-con e-child\" data-id=\"b95bf2e\" data-element_type=\"container\" data-e-type=\"container\" data-settings=\"{&quot;background_background&quot;:&quot;classic&quot;}\">\n\t\t<div class=\"elementor-element elementor-element-56af5f9 e-con-full e-flex wpr-particle-no wpr-jarallax-no wpr-parallax-no wpr-sticky-section-no wpr-equal-height-no e-con e-child\" data-id=\"56af5f9\" data-element_type=\"container\" data-e-type=\"container\">\n\t\t\t\t<div class=\"elementor-element elementor-element-2aa2831 elementor-widget elementor-widget-heading\" data-id=\"2aa2831\" data-element_type=\"widget\" data-e-type=\"widget\" data-widget_type=\"heading.default\">\n\t\t\t\t<div class=\"elementor-widget-container\">\n\t\t\t\t\t<h2 class=\"elementor-heading-title elementor-size-default\">Contactez-nous<\/h2>\t\t\t\t<\/div>\n\t\t\t\t<\/div>\n\t\t\t\t<div class=\"elementor-element elementor-element-3ebf9de elementor-widget elementor-widget-text-editor\" data-id=\"3ebf9de\" data-element_type=\"widget\" data-e-type=\"widget\" data-widget_type=\"text-editor.default\">\n\t\t\t\t<div class=\"elementor-widget-container\">\n\t\t\t\t\t\t\t\t\t<p>Vous avez une question, un projet ou souhaitez en savoir plus sur nos actions ?<\/p><p>L\u2019\u00e9quipe d\u2019ESNA est \u00e0 votre \u00e9coute ! Que ce soit pour rejoindre notre association, proposer un partenariat ou b\u00e9n\u00e9ficier de nos services, nous serons ravis d\u2019\u00e9changer avec vous.<\/p>\t\t\t\t\t\t\t\t<\/div>\n\t\t\t\t<\/div>\n\t\t\t\t<\/div>\n\t\t\t\t<div class=\"elementor-element elementor-element-b1257d8 elementor-widget elementor-widget-google_maps\" data-id=\"b1257d8\" data-element_type=\"widget\" data-e-type=\"widget\" data-widget_type=\"google_maps.default\">\n\t\t\t\t<div class=\"elementor-widget-container\">\n\t\t\t\t\t\t\t<div class=\"elementor-custom-embed\">\n\t\t\t<iframe loading=\"lazy\"\n\t\t\t\t\tsrc=\"https:\/\/maps.google.com\/maps?q=21%20rue%20du%20bac%20ablon-sur-sein&#038;t=m&#038;z=11&#038;output=embed&#038;iwloc=near\"\n\t\t\t\t\ttitle=\"21 rue du bac ablon-sur-sein\"\n\t\t\t\t\taria-label=\"21 rue du bac ablon-sur-sein\"\n\t\t\t><\/iframe>\n\t\t<\/div>\n\t\t\t\t\t\t<\/div>\n\t\t\t\t<\/div>\n\t\t\t\t<\/div>\n\t\t<div class=\"elementor-element elementor-element-3bdb360 e-con-full e-flex wpr-particle-no wpr-jarallax-no wpr-parallax-no wpr-sticky-section-no wpr-equal-height-no e-con e-child\" data-id=\"3bdb360\" data-element_type=\"container\" data-e-type=\"container\" data-settings=\"{&quot;background_background&quot;:&quot;classic&quot;}\">\n\t\t\t\t<div class=\"elementor-element elementor-element-9ca0df2 elementor-widget elementor-widget-shortcode\" data-id=\"9ca0df2\" data-element_type=\"widget\" data-e-type=\"widget\" data-widget_type=\"shortcode.default\">\n\t\t\t\t<div class=\"elementor-widget-container\">\n\t\t\t\t\t\t\t<div class=\"elementor-shortcode\">\n<div class=\"wpcf7 no-js\" id=\"wpcf7-f342-o1\" lang=\"fr-FR\" dir=\"ltr\" data-wpcf7-id=\"342\">\n<div class=\"screen-reader-response\"><p role=\"status\" aria-live=\"polite\" aria-atomic=\"true\"><\/p> <ul><\/ul><\/div>\n<form action=\"\/index.php\/wp-json\/wp\/v2\/pages\/298#wpcf7-f342-o1\" method=\"post\" class=\"wpcf7-form init\" aria-label=\"Formulaire de contact\" novalidate=\"novalidate\" data-status=\"init\">\n<fieldset class=\"hidden-fields-container\"><input type=\"hidden\" name=\"_wpcf7\" value=\"342\" \/><input type=\"hidden\" name=\"_wpcf7_version\" value=\"6.1.5\" \/><input type=\"hidden\" name=\"_wpcf7_locale\" value=\"fr_FR\" \/><input type=\"hidden\" name=\"_wpcf7_unit_tag\" value=\"wpcf7-f342-o1\" \/><input type=\"hidden\" name=\"_wpcf7_container_post\" value=\"0\" \/><input type=\"hidden\" name=\"_wpcf7_posted_data_hash\" value=\"\" \/><input type=\"hidden\" name=\"_wpcf7_recaptcha_response\" value=\"\" \/>\n<\/fieldset>\n<p><label> Votre nom<br \/>\n<span class=\"wpcf7-form-control-wrap\" data-name=\"your-name\"><input size=\"40\" maxlength=\"400\" class=\"wpcf7-form-control wpcf7-text wpcf7-validates-as-required\" autocomplete=\"name\" aria-required=\"true\" aria-invalid=\"false\" value=\"\" type=\"text\" name=\"your-name\" \/><\/span> <\/label>\n<\/p>\n<p><label> Votre e-mail<br \/>\n<span class=\"wpcf7-form-control-wrap\" data-name=\"your-email\"><input size=\"40\" maxlength=\"400\" class=\"wpcf7-form-control wpcf7-email wpcf7-validates-as-required wpcf7-text wpcf7-validates-as-email\" autocomplete=\"email\" aria-required=\"true\" aria-invalid=\"false\" value=\"\" type=\"email\" name=\"your-email\" \/><\/span> <\/label>\n<\/p>\n<p><label> Objet<br \/>\n<span class=\"wpcf7-form-control-wrap\" data-name=\"your-subject\"><input size=\"40\" maxlength=\"400\" class=\"wpcf7-form-control wpcf7-text wpcf7-validates-as-required\" aria-required=\"true\" aria-invalid=\"false\" value=\"\" type=\"text\" name=\"your-subject\" \/><\/span> <\/label>\n<\/p>\n<p><label> Votre message (facultatif)<br \/>\n<span class=\"wpcf7-form-control-wrap\" data-name=\"your-message\"><textarea cols=\"40\" rows=\"10\" maxlength=\"2000\" class=\"wpcf7-form-control wpcf7-textarea\" aria-invalid=\"false\" name=\"your-message\"><\/textarea><\/span> <\/label>\n<\/p>\n<p><span class=\"wpcf7-form-control-wrap\" data-name=\"acceptance-832\"><span class=\"wpcf7-form-control wpcf7-acceptance\"><span class=\"wpcf7-list-item\"><label><input type=\"checkbox\" name=\"acceptance-832\" value=\"1\" aria-invalid=\"false\" \/><span class=\"wpcf7-list-item-label\">J'accepte que mes informations soient utilis\u00e9es pour me recontacter conform\u00e9ment \u00e0 la politique de confidentialit\u00e9.<\/span><\/label><\/span><\/span><\/span>\n<\/p>\n<p><input class=\"wpcf7-form-control wpcf7-submit has-spinner\" type=\"submit\" value=\"Envoyer\" \/>\n<\/p><p style=\"display: none !important;\" class=\"akismet-fields-container\" data-prefix=\"_wpcf7_ak_\"><label>&#916;<textarea name=\"_wpcf7_ak_hp_textarea\" cols=\"45\" rows=\"8\" maxlength=\"100\"><\/textarea><\/label><input type=\"hidden\" id=\"ak_js_1\" name=\"_wpcf7_ak_js\" value=\"64\"\/><script type=\"text\/javascript\">\n\/* <![CDATA[ *\/\ndocument.getElementById( \"ak_js_1\" ).setAttribute( \"value\", ( new Date() ).getTime() );\n\/* ]]> *\/\n<\/script>\n<\/p><div class=\"wpcf7-response-output\" aria-hidden=\"true\"><\/div>\n<\/form>\n<\/div>\n<\/div>\n\t\t\t\t\t\t<\/div>\n\t\t\t\t<\/div>\n\t\t\t\t<\/div>\n\t\t\t\t\t<\/div>\n\t\t\t\t<\/div>\n\t\t<div class=\"elementor-element elementor-element-870ae78 e-con-full e-flex wpr-particle-no wpr-jarallax-no wpr-parallax-no wpr-sticky-section-no wpr-equal-height-no e-con e-parent\" data-id=\"870ae78\" data-element_type=\"container\" data-e-type=\"container\" data-settings=\"{&quot;background_background&quot;:&quot;classic&quot;}\">\n\t\t\t\t<\/div>\n\t\t\t\t<\/div>\n\t\t","protected":false},"excerpt":{"rendered":"<p>Contactez-nous Vous avez une question, un projet ou souhaitez en savoir plus sur nos actions ? L\u2019\u00e9quipe d\u2019ESNA est \u00e0 votre \u00e9coute ! Que ce soit pour rejoindre notre association, proposer un partenariat ou b\u00e9n\u00e9ficier de nos services, nous serons ravis d\u2019\u00e9changer avec vous.<\/p>\n","protected":false},"author":1,"featured_media":0,"parent":0,"menu_order":0,"comment_status":"closed","ping_status":"closed","template":"","meta":{"footnotes":""},"class_list":["post-298","page","type-page","status-publish","hentry"],"yoast_head":"<!-- This site is optimized with the Yoast SEO plugin v27.4 - https:\/\/yoast.com\/product\/yoast-seo-wordpress\/ -->\n<title>Contact - ESNA<\/title>\n<meta name=\"robots\" content=\"index, follow, max-snippet:-1, max-image-preview:large, max-video-preview:-1\" \/>\n<link rel=\"canonical\" href=\"https:\/\/assoesna.org\/index.php\/contact\/\" \/>\n<meta property=\"og:locale\" content=\"fr_FR\" \/>\n<meta property=\"og:type\" content=\"article\" \/>\n<meta property=\"og:title\" content=\"Contact - ESNA\" \/>\n<meta property=\"og:description\" content=\"Contactez-nous Vous avez une question, un projet ou souhaitez en savoir plus sur nos actions ? L\u2019\u00e9quipe d\u2019ESNA est \u00e0 votre \u00e9coute ! Que ce soit pour rejoindre notre association, proposer un partenariat ou b\u00e9n\u00e9ficier de nos services, nous serons ravis d\u2019\u00e9changer avec vous.\" \/>\n<meta property=\"og:url\" content=\"https:\/\/assoesna.org\/index.php\/contact\/\" \/>\n<meta property=\"og:site_name\" content=\"ESNA\" \/>\n<meta property=\"article:modified_time\" content=\"2025-02-25T21:06:10+00:00\" \/>\n<meta name=\"twitter:card\" content=\"summary_large_image\" \/>\n<meta name=\"twitter:label1\" content=\"Dur\u00e9e de lecture estim\u00e9e\" \/>\n\t<meta name=\"twitter:data1\" content=\"1 minute\" \/>\n<script type=\"application\/ld+json\" class=\"yoast-schema-graph\">{\"@context\":\"https:\\\/\\\/schema.org\",\"@graph\":[{\"@type\":\"WebPage\",\"@id\":\"https:\\\/\\\/assoesna.org\\\/index.php\\\/contact\\\/\",\"url\":\"https:\\\/\\\/assoesna.org\\\/index.php\\\/contact\\\/\",\"name\":\"Contact - ESNA\",\"isPartOf\":{\"@id\":\"https:\\\/\\\/assoesna.org\\\/#website\"},\"datePublished\":\"2025-02-14T20:20:41+00:00\",\"dateModified\":\"2025-02-25T21:06:10+00:00\",\"breadcrumb\":{\"@id\":\"https:\\\/\\\/assoesna.org\\\/index.php\\\/contact\\\/#breadcrumb\"},\"inLanguage\":\"fr-FR\",\"potentialAction\":[{\"@type\":\"ReadAction\",\"target\":[\"https:\\\/\\\/assoesna.org\\\/index.php\\\/contact\\\/\"]}]},{\"@type\":\"BreadcrumbList\",\"@id\":\"https:\\\/\\\/assoesna.org\\\/index.php\\\/contact\\\/#breadcrumb\",\"itemListElement\":[{\"@type\":\"ListItem\",\"position\":1,\"name\":\"Accueil\",\"item\":\"https:\\\/\\\/assoesna.org\\\/\"},{\"@type\":\"ListItem\",\"position\":2,\"name\":\"Contact\"}]},{\"@type\":\"WebSite\",\"@id\":\"https:\\\/\\\/assoesna.org\\\/#website\",\"url\":\"https:\\\/\\\/assoesna.org\\\/\",\"name\":\"ESNA\",\"description\":\"Agir pour un avenir solidaire, inclusif et connect\u00e9\",\"publisher\":{\"@id\":\"https:\\\/\\\/assoesna.org\\\/#organization\"},\"potentialAction\":[{\"@type\":\"SearchAction\",\"target\":{\"@type\":\"EntryPoint\",\"urlTemplate\":\"https:\\\/\\\/assoesna.org\\\/?s={search_term_string}\"},\"query-input\":{\"@type\":\"PropertyValueSpecification\",\"valueRequired\":true,\"valueName\":\"search_term_string\"}}],\"inLanguage\":\"fr-FR\"},{\"@type\":\"Organization\",\"@id\":\"https:\\\/\\\/assoesna.org\\\/#organization\",\"name\":\"ESNA\",\"url\":\"https:\\\/\\\/assoesna.org\\\/\",\"logo\":{\"@type\":\"ImageObject\",\"inLanguage\":\"fr-FR\",\"@id\":\"https:\\\/\\\/assoesna.org\\\/#\\\/schema\\\/logo\\\/image\\\/\",\"url\":\"https:\\\/\\\/assoesna.org\\\/wp-content\\\/uploads\\\/2025\\\/02\\\/cropped-Fichier-10@4x-3.png\",\"contentUrl\":\"https:\\\/\\\/assoesna.org\\\/wp-content\\\/uploads\\\/2025\\\/02\\\/cropped-Fichier-10@4x-3.png\",\"width\":1506,\"height\":552,\"caption\":\"ESNA\"},\"image\":{\"@id\":\"https:\\\/\\\/assoesna.org\\\/#\\\/schema\\\/logo\\\/image\\\/\"}}]}<\/script>\n<!-- \/ Yoast SEO plugin. -->","yoast_head_json":{"title":"Contact - ESNA","robots":{"index":"index","follow":"follow","max-snippet":"max-snippet:-1","max-image-preview":"max-image-preview:large","max-video-preview":"max-video-preview:-1"},"canonical":"https:\/\/assoesna.org\/index.php\/contact\/","og_locale":"fr_FR","og_type":"article","og_title":"Contact - ESNA","og_description":"Contactez-nous Vous avez une question, un projet ou souhaitez en savoir plus sur nos actions ? L\u2019\u00e9quipe d\u2019ESNA est \u00e0 votre \u00e9coute ! Que ce soit pour rejoindre notre association, proposer un partenariat ou b\u00e9n\u00e9ficier de nos services, nous serons ravis d\u2019\u00e9changer avec vous.","og_url":"https:\/\/assoesna.org\/index.php\/contact\/","og_site_name":"ESNA","article_modified_time":"2025-02-25T21:06:10+00:00","twitter_card":"summary_large_image","twitter_misc":{"Dur\u00e9e de lecture estim\u00e9e":"1 minute"},"schema":{"@context":"https:\/\/schema.org","@graph":[{"@type":"WebPage","@id":"https:\/\/assoesna.org\/index.php\/contact\/","url":"https:\/\/assoesna.org\/index.php\/contact\/","name":"Contact - ESNA","isPartOf":{"@id":"https:\/\/assoesna.org\/#website"},"datePublished":"2025-02-14T20:20:41+00:00","dateModified":"2025-02-25T21:06:10+00:00","breadcrumb":{"@id":"https:\/\/assoesna.org\/index.php\/contact\/#breadcrumb"},"inLanguage":"fr-FR","potentialAction":[{"@type":"ReadAction","target":["https:\/\/assoesna.org\/index.php\/contact\/"]}]},{"@type":"BreadcrumbList","@id":"https:\/\/assoesna.org\/index.php\/contact\/#breadcrumb","itemListElement":[{"@type":"ListItem","position":1,"name":"Accueil","item":"https:\/\/assoesna.org\/"},{"@type":"ListItem","position":2,"name":"Contact"}]},{"@type":"WebSite","@id":"https:\/\/assoesna.org\/#website","url":"https:\/\/assoesna.org\/","name":"ESNA","description":"Agir pour un avenir solidaire, inclusif et connect\u00e9","publisher":{"@id":"https:\/\/assoesna.org\/#organization"},"potentialAction":[{"@type":"SearchAction","target":{"@type":"EntryPoint","urlTemplate":"https:\/\/assoesna.org\/?s={search_term_string}"},"query-input":{"@type":"PropertyValueSpecification","valueRequired":true,"valueName":"search_term_string"}}],"inLanguage":"fr-FR"},{"@type":"Organization","@id":"https:\/\/assoesna.org\/#organization","name":"ESNA","url":"https:\/\/assoesna.org\/","logo":{"@type":"ImageObject","inLanguage":"fr-FR","@id":"https:\/\/assoesna.org\/#\/schema\/logo\/image\/","url":"https:\/\/assoesna.org\/wp-content\/uploads\/2025\/02\/cropped-Fichier-10@4x-3.png","contentUrl":"https:\/\/assoesna.org\/wp-content\/uploads\/2025\/02\/cropped-Fichier-10@4x-3.png","width":1506,"height":552,"caption":"ESNA"},"image":{"@id":"https:\/\/assoesna.org\/#\/schema\/logo\/image\/"}}]}},"rttpg_featured_image_url":null,"rttpg_author":{"display_name":"Assoesna","author_link":"https:\/\/assoesna.org\/index.php\/author\/assoesna\/"},"rttpg_comment":0,"rttpg_category":null,"rttpg_excerpt":"Contactez-nous Vous avez une question, un projet ou souhaitez en savoir plus sur nos actions ? L\u2019\u00e9quipe d\u2019ESNA est \u00e0 votre \u00e9coute ! Que ce soit pour rejoindre notre association, proposer un partenariat ou b\u00e9n\u00e9ficier de nos services, nous serons ravis d\u2019\u00e9changer avec vous.","_links":{"self":[{"href":"https:\/\/assoesna.org\/index.php\/wp-json\/wp\/v2\/pages\/298","targetHints":{"allow":["GET"]}}],"collection":[{"href":"https:\/\/assoesna.org\/index.php\/wp-json\/wp\/v2\/pages"}],"about":[{"href":"https:\/\/assoesna.org\/index.php\/wp-json\/wp\/v2\/types\/page"}],"author":[{"embeddable":true,"href":"https:\/\/assoesna.org\/index.php\/wp-json\/wp\/v2\/users\/1"}],"replies":[{"embeddable":true,"href":"https:\/\/assoesna.org\/index.php\/wp-json\/wp\/v2\/comments?post=298"}],"version-history":[{"count":19,"href":"https:\/\/assoesna.org\/index.php\/wp-json\/wp\/v2\/pages\/298\/revisions"}],"predecessor-version":[{"id":1085,"href":"https:\/\/assoesna.org\/index.php\/wp-json\/wp\/v2\/pages\/298\/revisions\/1085"}],"wp:attachment":[{"href":"https:\/\/assoesna.org\/index.php\/wp-json\/wp\/v2\/media?parent=298"}],"curies":[{"name":"wp","href":"https:\/\/api.w.org\/{rel}","templated":true}]}}