{"id":1166,"date":"2025-03-22T13:36:30","date_gmt":"2025-03-22T12:36:30","guid":{"rendered":"https:\/\/assoesna.org\/?page_id=1166"},"modified":"2025-04-13T18:54:42","modified_gmt":"2025-04-13T16:54:42","slug":"don-2","status":"publish","type":"page","link":"https:\/\/assoesna.org\/index.php\/don-2\/","title":{"rendered":"Don"},"content":{"rendered":"\t\t<div data-elementor-type=\"wp-page\" data-elementor-id=\"1166\" class=\"elementor elementor-1166\">\n\t\t\t\t<div class=\"elementor-element elementor-element-871f91a e-con-full e-flex wpr-particle-no wpr-jarallax-no wpr-parallax-no wpr-sticky-section-no wpr-equal-height-no e-con e-parent\" data-id=\"871f91a\" data-element_type=\"container\" data-e-type=\"container\">\n\t\t\t\t<div class=\"elementor-element elementor-element-b18c154 elementor-widget elementor-widget-shortcode\" data-id=\"b18c154\" data-element_type=\"widget\" data-e-type=\"widget\" data-widget_type=\"shortcode.default\">\n\t\t\t\t<div class=\"elementor-widget-container\">\n\t\t\t\t\t\t\t<div class=\"elementor-shortcode\"><\/div>\n\t\t\t\t\t\t<\/div>\n\t\t\t\t<\/div>\n\t\t\t\t<\/div>\n\t\t<div class=\"elementor-element elementor-element-005aa05 e-flex e-con-boxed wpr-particle-no wpr-jarallax-no wpr-parallax-no wpr-sticky-section-no wpr-equal-height-no e-con e-parent\" data-id=\"005aa05\" data-element_type=\"container\" data-e-type=\"container\">\n\t\t\t\t\t<div class=\"e-con-inner\">\n\t\t\t\t<div class=\"elementor-element elementor-element-66e55c2 elementor-widget elementor-widget-heading\" data-id=\"66e55c2\" data-element_type=\"widget\" data-e-type=\"widget\" data-widget_type=\"heading.default\">\n\t\t\t\t<div class=\"elementor-widget-container\">\n\t\t\t\t\t<h2 class=\"elementor-heading-title elementor-size-default\">Soutenez nos actions, faites un don !<\/h2>\t\t\t\t<\/div>\n\t\t\t\t<\/div>\n\t\t\t\t\t<\/div>\n\t\t\t\t<\/div>\n\t\t<div class=\"elementor-element elementor-element-470d976 e-flex e-con-boxed wpr-particle-no wpr-jarallax-no wpr-parallax-no wpr-sticky-section-no wpr-equal-height-no e-con e-parent\" data-id=\"470d976\" data-element_type=\"container\" data-e-type=\"container\">\n\t\t\t\t\t<div class=\"e-con-inner\">\n\t\t<div class=\"elementor-element elementor-element-073190b e-con-full e-flex wpr-particle-no wpr-jarallax-no wpr-parallax-no wpr-sticky-section-no wpr-equal-height-no e-con e-child\" data-id=\"073190b\" data-element_type=\"container\" data-e-type=\"container\">\n\t\t\t\t<div class=\"elementor-element elementor-element-ddcb619 elementor-widget elementor-widget-text-editor\" data-id=\"ddcb619\" data-element_type=\"widget\" data-e-type=\"widget\" data-widget_type=\"text-editor.default\">\n\t\t\t\t<div class=\"elementor-widget-container\">\n\t\t\t\t\t\t\t\t\t<p>Chaque geste compte. En faisant un don via <strong data-start=\"207\" data-end=\"217\">PayPal<\/strong>, vous contribuez directement \u00e0 nos projets humanitaires, \u00e9ducatifs et culturels.<\/p><p class=\"\" data-start=\"540\" data-end=\"638\"><strong data-start=\"540\" data-end=\"636\">Ensemble, faisons la diff\u00e9rence. Cliquez ci-dessous pour faire un don en toute s\u00e9curit\u00e9 :<\/strong><\/p><p class=\"\" data-start=\"677\" data-end=\"707\">Merci pour votre g\u00e9n\u00e9rosit\u00e9\u00a0<\/p>\t\t\t\t\t\t\t\t<\/div>\n\t\t\t\t<\/div>\n\t\t\t\t<div class=\"elementor-element elementor-element-0ff1910 elementor-widget elementor-widget-button\" data-id=\"0ff1910\" data-element_type=\"widget\" data-e-type=\"widget\" data-widget_type=\"button.default\">\n\t\t\t\t<div class=\"elementor-widget-container\">\n\t\t\t\t\t\t\t\t\t<div class=\"elementor-button-wrapper\">\n\t\t\t\t\t<a class=\"elementor-button elementor-button-link elementor-size-sm\" href=\"https:\/\/www.paypal.com\/ncp\/payment\/Q287S2MTN49KN\">\n\t\t\t\t\t\t<span class=\"elementor-button-content-wrapper\">\n\t\t\t\t\t\t\t\t\t<span class=\"elementor-button-text\">Paypal<\/span>\n\t\t\t\t\t<\/span>\n\t\t\t\t\t<\/a>\n\t\t\t\t<\/div>\n\t\t\t\t\t\t\t\t<\/div>\n\t\t\t\t<\/div>\n\t\t\t\t<\/div>\n\t\t<div class=\"elementor-element elementor-element-02537c9 e-con-full e-flex wpr-particle-no wpr-jarallax-no wpr-parallax-no wpr-sticky-section-no wpr-equal-height-no e-con e-child\" data-id=\"02537c9\" data-element_type=\"container\" data-e-type=\"container\">\n\t\t\t\t<div class=\"elementor-element elementor-element-a781122 elementor-widget elementor-widget-image\" data-id=\"a781122\" data-element_type=\"widget\" data-e-type=\"widget\" data-widget_type=\"image.default\">\n\t\t\t\t<div class=\"elementor-widget-container\">\n\t\t\t\t\t\t\t\t\t\t\t\t\t\t\t<img fetchpriority=\"high\" decoding=\"async\" width=\"250\" height=\"256\" src=\"https:\/\/assoesna.org\/wp-content\/uploads\/2025\/04\/Don-qrcode-esna.png\" class=\"attachment-large size-large wp-image-1261\" alt=\"\" \/>\t\t\t\t\t\t\t\t\t\t\t\t\t\t\t<\/div>\n\t\t\t\t<\/div>\n\t\t\t\t<\/div>\n\t\t\t\t\t<\/div>\n\t\t\t\t<\/div>\n\t\t<div class=\"elementor-element elementor-element-b1616a4 e-flex e-con-boxed wpr-particle-no wpr-jarallax-no wpr-parallax-no wpr-sticky-section-no wpr-equal-height-no e-con e-parent\" data-id=\"b1616a4\" data-element_type=\"container\" data-e-type=\"container\" data-settings=\"{&quot;background_background&quot;:&quot;classic&quot;}\">\n\t\t\t\t\t<div class=\"e-con-inner\">\n\t\t\t\t\t<\/div>\n\t\t\t\t<\/div>\n\t\t<div class=\"elementor-element elementor-element-88aec13 e-flex e-con-boxed wpr-particle-no wpr-jarallax-no wpr-parallax-no wpr-sticky-section-no wpr-equal-height-no e-con e-parent\" data-id=\"88aec13\" data-element_type=\"container\" data-e-type=\"container\">\n\t\t\t\t\t<div class=\"e-con-inner\">\n\t\t\t\t<div class=\"elementor-element elementor-element-a9a488d elementor-widget elementor-widget-shortcode\" data-id=\"a9a488d\" data-element_type=\"widget\" data-e-type=\"widget\" data-widget_type=\"shortcode.default\">\n\t\t\t\t<div class=\"elementor-widget-container\">\n\t\t\t\t\t\t\t<div class=\"elementor-shortcode\"><iframe id=\"haWidget\" allowtransparency=\"true\" scrolling=\"auto\" src=\"https:\/\/www.helloasso.com\/associations\/esperance-solidarite-pour-un-nouvel-avenir-esna\/formulaires\/1\/widget\" style=\"width: 100%; height: 750px; border: none;\"><\/iframe><\/div>\n\t\t\t\t\t\t<\/div>\n\t\t\t\t<\/div>\n\t\t\t\t\t<\/div>\n\t\t\t\t<\/div>\n\t\t\t\t<\/div>\n\t\t","protected":false},"excerpt":{"rendered":"<p>Soutenez nos actions, faites un don ! Chaque geste compte. En faisant un don via PayPal, vous contribuez directement \u00e0 nos projets humanitaires, \u00e9ducatifs et culturels. Ensemble, faisons la diff\u00e9rence. Cliquez ci-dessous pour faire un don en toute s\u00e9curit\u00e9 : Merci pour votre g\u00e9n\u00e9rosit\u00e9\u00a0 Paypal<\/p>\n","protected":false},"author":1,"featured_media":0,"parent":0,"menu_order":0,"comment_status":"closed","ping_status":"closed","template":"","meta":{"footnotes":""},"class_list":["post-1166","page","type-page","status-publish","hentry"],"yoast_head":"<!-- This site is optimized with the Yoast SEO plugin v27.4 - https:\/\/yoast.com\/product\/yoast-seo-wordpress\/ -->\n<title>Don - ESNA<\/title>\n<meta name=\"robots\" content=\"index, follow, max-snippet:-1, max-image-preview:large, max-video-preview:-1\" \/>\n<link rel=\"canonical\" href=\"https:\/\/assoesna.org\/index.php\/don-2\/\" \/>\n<meta property=\"og:locale\" content=\"fr_FR\" \/>\n<meta property=\"og:type\" content=\"article\" \/>\n<meta property=\"og:title\" content=\"Don - ESNA\" \/>\n<meta property=\"og:description\" content=\"Soutenez nos actions, faites un don ! Chaque geste compte. En faisant un don via PayPal, vous contribuez directement \u00e0 nos projets humanitaires, \u00e9ducatifs et culturels. Ensemble, faisons la diff\u00e9rence. Cliquez ci-dessous pour faire un don en toute s\u00e9curit\u00e9 : Merci pour votre g\u00e9n\u00e9rosit\u00e9\u00a0 Paypal\" \/>\n<meta property=\"og:url\" content=\"https:\/\/assoesna.org\/index.php\/don-2\/\" \/>\n<meta property=\"og:site_name\" content=\"ESNA\" \/>\n<meta property=\"article:modified_time\" content=\"2025-04-13T16:54:42+00:00\" \/>\n<meta property=\"og:image\" content=\"https:\/\/assoesna.org\/wp-content\/uploads\/2025\/04\/Don-qrcode-esna.png\" \/>\n\t<meta property=\"og:image:width\" content=\"250\" \/>\n\t<meta property=\"og:image:height\" content=\"256\" \/>\n\t<meta property=\"og:image:type\" content=\"image\/png\" \/>\n<meta name=\"twitter:card\" content=\"summary_large_image\" \/>\n<script type=\"application\/ld+json\" class=\"yoast-schema-graph\">{\"@context\":\"https:\\\/\\\/schema.org\",\"@graph\":[{\"@type\":\"WebPage\",\"@id\":\"https:\\\/\\\/assoesna.org\\\/index.php\\\/don-2\\\/\",\"url\":\"https:\\\/\\\/assoesna.org\\\/index.php\\\/don-2\\\/\",\"name\":\"Don - ESNA\",\"isPartOf\":{\"@id\":\"https:\\\/\\\/assoesna.org\\\/#website\"},\"primaryImageOfPage\":{\"@id\":\"https:\\\/\\\/assoesna.org\\\/index.php\\\/don-2\\\/#primaryimage\"},\"image\":{\"@id\":\"https:\\\/\\\/assoesna.org\\\/index.php\\\/don-2\\\/#primaryimage\"},\"thumbnailUrl\":\"https:\\\/\\\/assoesna.org\\\/wp-content\\\/uploads\\\/2025\\\/04\\\/Don-qrcode-esna.png\",\"datePublished\":\"2025-03-22T12:36:30+00:00\",\"dateModified\":\"2025-04-13T16:54:42+00:00\",\"breadcrumb\":{\"@id\":\"https:\\\/\\\/assoesna.org\\\/index.php\\\/don-2\\\/#breadcrumb\"},\"inLanguage\":\"fr-FR\",\"potentialAction\":[{\"@type\":\"ReadAction\",\"target\":[\"https:\\\/\\\/assoesna.org\\\/index.php\\\/don-2\\\/\"]}]},{\"@type\":\"ImageObject\",\"inLanguage\":\"fr-FR\",\"@id\":\"https:\\\/\\\/assoesna.org\\\/index.php\\\/don-2\\\/#primaryimage\",\"url\":\"https:\\\/\\\/assoesna.org\\\/wp-content\\\/uploads\\\/2025\\\/04\\\/Don-qrcode-esna.png\",\"contentUrl\":\"https:\\\/\\\/assoesna.org\\\/wp-content\\\/uploads\\\/2025\\\/04\\\/Don-qrcode-esna.png\",\"width\":250,\"height\":256},{\"@type\":\"BreadcrumbList\",\"@id\":\"https:\\\/\\\/assoesna.org\\\/index.php\\\/don-2\\\/#breadcrumb\",\"itemListElement\":[{\"@type\":\"ListItem\",\"position\":1,\"name\":\"Accueil\",\"item\":\"https:\\\/\\\/assoesna.org\\\/\"},{\"@type\":\"ListItem\",\"position\":2,\"name\":\"Don\"}]},{\"@type\":\"WebSite\",\"@id\":\"https:\\\/\\\/assoesna.org\\\/#website\",\"url\":\"https:\\\/\\\/assoesna.org\\\/\",\"name\":\"ESNA\",\"description\":\"Agir pour un avenir solidaire, inclusif et connect\u00e9\",\"publisher\":{\"@id\":\"https:\\\/\\\/assoesna.org\\\/#organization\"},\"potentialAction\":[{\"@type\":\"SearchAction\",\"target\":{\"@type\":\"EntryPoint\",\"urlTemplate\":\"https:\\\/\\\/assoesna.org\\\/?s={search_term_string}\"},\"query-input\":{\"@type\":\"PropertyValueSpecification\",\"valueRequired\":true,\"valueName\":\"search_term_string\"}}],\"inLanguage\":\"fr-FR\"},{\"@type\":\"Organization\",\"@id\":\"https:\\\/\\\/assoesna.org\\\/#organization\",\"name\":\"ESNA\",\"url\":\"https:\\\/\\\/assoesna.org\\\/\",\"logo\":{\"@type\":\"ImageObject\",\"inLanguage\":\"fr-FR\",\"@id\":\"https:\\\/\\\/assoesna.org\\\/#\\\/schema\\\/logo\\\/image\\\/\",\"url\":\"https:\\\/\\\/assoesna.org\\\/wp-content\\\/uploads\\\/2025\\\/02\\\/cropped-Fichier-10@4x-3.png\",\"contentUrl\":\"https:\\\/\\\/assoesna.org\\\/wp-content\\\/uploads\\\/2025\\\/02\\\/cropped-Fichier-10@4x-3.png\",\"width\":1506,\"height\":552,\"caption\":\"ESNA\"},\"image\":{\"@id\":\"https:\\\/\\\/assoesna.org\\\/#\\\/schema\\\/logo\\\/image\\\/\"}}]}<\/script>\n<!-- \/ Yoast SEO plugin. -->","yoast_head_json":{"title":"Don - ESNA","robots":{"index":"index","follow":"follow","max-snippet":"max-snippet:-1","max-image-preview":"max-image-preview:large","max-video-preview":"max-video-preview:-1"},"canonical":"https:\/\/assoesna.org\/index.php\/don-2\/","og_locale":"fr_FR","og_type":"article","og_title":"Don - ESNA","og_description":"Soutenez nos actions, faites un don ! Chaque geste compte. En faisant un don via PayPal, vous contribuez directement \u00e0 nos projets humanitaires, \u00e9ducatifs et culturels. Ensemble, faisons la diff\u00e9rence. Cliquez ci-dessous pour faire un don en toute s\u00e9curit\u00e9 : Merci pour votre g\u00e9n\u00e9rosit\u00e9\u00a0 Paypal","og_url":"https:\/\/assoesna.org\/index.php\/don-2\/","og_site_name":"ESNA","article_modified_time":"2025-04-13T16:54:42+00:00","og_image":[{"width":250,"height":256,"url":"https:\/\/assoesna.org\/wp-content\/uploads\/2025\/04\/Don-qrcode-esna.png","type":"image\/png"}],"twitter_card":"summary_large_image","schema":{"@context":"https:\/\/schema.org","@graph":[{"@type":"WebPage","@id":"https:\/\/assoesna.org\/index.php\/don-2\/","url":"https:\/\/assoesna.org\/index.php\/don-2\/","name":"Don - ESNA","isPartOf":{"@id":"https:\/\/assoesna.org\/#website"},"primaryImageOfPage":{"@id":"https:\/\/assoesna.org\/index.php\/don-2\/#primaryimage"},"image":{"@id":"https:\/\/assoesna.org\/index.php\/don-2\/#primaryimage"},"thumbnailUrl":"https:\/\/assoesna.org\/wp-content\/uploads\/2025\/04\/Don-qrcode-esna.png","datePublished":"2025-03-22T12:36:30+00:00","dateModified":"2025-04-13T16:54:42+00:00","breadcrumb":{"@id":"https:\/\/assoesna.org\/index.php\/don-2\/#breadcrumb"},"inLanguage":"fr-FR","potentialAction":[{"@type":"ReadAction","target":["https:\/\/assoesna.org\/index.php\/don-2\/"]}]},{"@type":"ImageObject","inLanguage":"fr-FR","@id":"https:\/\/assoesna.org\/index.php\/don-2\/#primaryimage","url":"https:\/\/assoesna.org\/wp-content\/uploads\/2025\/04\/Don-qrcode-esna.png","contentUrl":"https:\/\/assoesna.org\/wp-content\/uploads\/2025\/04\/Don-qrcode-esna.png","width":250,"height":256},{"@type":"BreadcrumbList","@id":"https:\/\/assoesna.org\/index.php\/don-2\/#breadcrumb","itemListElement":[{"@type":"ListItem","position":1,"name":"Accueil","item":"https:\/\/assoesna.org\/"},{"@type":"ListItem","position":2,"name":"Don"}]},{"@type":"WebSite","@id":"https:\/\/assoesna.org\/#website","url":"https:\/\/assoesna.org\/","name":"ESNA","description":"Agir pour un avenir solidaire, inclusif et connect\u00e9","publisher":{"@id":"https:\/\/assoesna.org\/#organization"},"potentialAction":[{"@type":"SearchAction","target":{"@type":"EntryPoint","urlTemplate":"https:\/\/assoesna.org\/?s={search_term_string}"},"query-input":{"@type":"PropertyValueSpecification","valueRequired":true,"valueName":"search_term_string"}}],"inLanguage":"fr-FR"},{"@type":"Organization","@id":"https:\/\/assoesna.org\/#organization","name":"ESNA","url":"https:\/\/assoesna.org\/","logo":{"@type":"ImageObject","inLanguage":"fr-FR","@id":"https:\/\/assoesna.org\/#\/schema\/logo\/image\/","url":"https:\/\/assoesna.org\/wp-content\/uploads\/2025\/02\/cropped-Fichier-10@4x-3.png","contentUrl":"https:\/\/assoesna.org\/wp-content\/uploads\/2025\/02\/cropped-Fichier-10@4x-3.png","width":1506,"height":552,"caption":"ESNA"},"image":{"@id":"https:\/\/assoesna.org\/#\/schema\/logo\/image\/"}}]}},"rttpg_featured_image_url":null,"rttpg_author":{"display_name":"Assoesna","author_link":"https:\/\/assoesna.org\/index.php\/author\/assoesna\/"},"rttpg_comment":0,"rttpg_category":null,"rttpg_excerpt":"Soutenez nos actions, faites un don ! Chaque geste compte. En faisant un don via PayPal, vous contribuez directement \u00e0 nos projets humanitaires, \u00e9ducatifs et culturels. Ensemble, faisons la diff\u00e9rence. Cliquez ci-dessous pour faire un don en toute s\u00e9curit\u00e9 : Merci pour votre g\u00e9n\u00e9rosit\u00e9\u00a0 Paypal","_links":{"self":[{"href":"https:\/\/assoesna.org\/index.php\/wp-json\/wp\/v2\/pages\/1166","targetHints":{"allow":["GET"]}}],"collection":[{"href":"https:\/\/assoesna.org\/index.php\/wp-json\/wp\/v2\/pages"}],"about":[{"href":"https:\/\/assoesna.org\/index.php\/wp-json\/wp\/v2\/types\/page"}],"author":[{"embeddable":true,"href":"https:\/\/assoesna.org\/index.php\/wp-json\/wp\/v2\/users\/1"}],"replies":[{"embeddable":true,"href":"https:\/\/assoesna.org\/index.php\/wp-json\/wp\/v2\/comments?post=1166"}],"version-history":[{"count":34,"href":"https:\/\/assoesna.org\/index.php\/wp-json\/wp\/v2\/pages\/1166\/revisions"}],"predecessor-version":[{"id":1273,"href":"https:\/\/assoesna.org\/index.php\/wp-json\/wp\/v2\/pages\/1166\/revisions\/1273"}],"wp:attachment":[{"href":"https:\/\/assoesna.org\/index.php\/wp-json\/wp\/v2\/media?parent=1166"}],"curies":[{"name":"wp","href":"https:\/\/api.w.org\/{rel}","templated":true}]}}